{"id":183,"date":"2024-04-04T06:56:02","date_gmt":"2024-04-04T06:56:02","guid":{"rendered":"https:\/\/fitnesscloud.me\/?page_id=183"},"modified":"2024-05-06T19:10:04","modified_gmt":"2024-05-06T19:10:04","slug":"kontakt-2","status":"publish","type":"page","link":"https:\/\/djinavrbica.me\/?page_id=183","title":{"rendered":"Kontakt"},"content":{"rendered":"<p>[et_pb_section fb_built=&#8221;1&#8243; admin_label=&#8221;Header &#038; Contact Info&#8221; _builder_version=&#8221;4.24.3&#8243; _module_preset=&#8221;default&#8221; background_image=&#8221;https:\/\/djinavrbica.me\/wp-content\/uploads\/2024\/03\/shapes-bg-color.png&#8221; overflow-x=&#8221;hidden&#8221; overflow-y=&#8221;hidden&#8221; collapsed=&#8221;on&#8221; global_colors_info=&#8221;{}&#8221;][et_pb_row make_equal=&#8221;on&#8221; _builder_version=&#8221;4.24.0&#8243; _module_preset=&#8221;default&#8221; global_colors_info=&#8221;{}&#8221;][et_pb_column type=&#8221;4_4&#8243; _builder_version=&#8221;4.22.0&#8243; _module_preset=&#8221;default&#8221; global_colors_info=&#8221;{}&#8221;][et_pb_text _builder_version=&#8221;4.22.0&#8243; _module_preset=&#8221;8de441b1-5dfd-4d3e-aac6-85a371d07298&#8243; custom_margin=&#8221;||10px||false|false&#8221; global_colors_info=&#8221;{}&#8221;]<\/p>\n<h1>Kontaktirajte nas<\/h1>\n<p>[\/et_pb_text][\/et_pb_column][\/et_pb_row][et_pb_row column_structure=&#8221;1_2,1_2&#8243; make_equal=&#8221;on&#8221; _builder_version=&#8221;4.24.0&#8243; _module_preset=&#8221;default&#8221; global_colors_info=&#8221;{}&#8221;][et_pb_column type=&#8221;1_2&#8243; _builder_version=&#8221;4.24.0&#8243; _module_preset=&#8221;default&#8221; global_colors_info=&#8221;{}&#8221;][et_pb_text _builder_version=&#8221;4.24.0&#8243; _module_preset=&#8221;ae0cf5c1-5f7e-4e72-9a4b-15e3d42987f4&#8243; global_colors_info=&#8221;{}&#8221;]<\/p>\n<p><span class=\"color_19\"><strong>Javna pred\u0161kolska ustanova \u201c\u0110ina Vrbica\u201d<\/strong><br \/><\/span>Ul. Mirka Banjevi\u0107a br.6<br \/>81000 Podgorica \/ Crna Gora<\/p>\n<p>[\/et_pb_text][et_pb_blurb title=&#8221;Email&#8221; use_icon=&#8221;on&#8221; font_icon=&#8221;&#xe076;||divi||400&#8243; _builder_version=&#8221;4.24.0&#8243; _module_preset=&#8221;da0ad21d-1077-4a79-b5f3-7bf97d4ec222&#8243; locked=&#8221;off&#8221; global_colors_info=&#8221;{}&#8221;]<\/p>\n<p><a href=\"mailto:vrtic@djvrbica.edu.me\" target=\"_self\" rel=\"noopener\">vrtic@djvrbica.edu.me<\/a><a href=\"mailto:#\"><br \/><\/a><a href=\"mailto:pravnik@djvrbica.edu.me\" data-auto-recognition=\"true\">pravnik@djvrbica.edu.me<\/a><a href=\"mailto:#\"><br \/><\/a><a href=\"mailto:racunovodstvo@djvrbica.edu.me\" data-auto-recognition=\"true\">racunovodstvo@djvrbica.edu.me<\/a><a href=\"mailto:#\"><\/a><\/p>\n<p>[\/et_pb_blurb][et_pb_blurb title=&#8221;Kontakt telefon Uprave:&#8221; use_icon=&#8221;on&#8221; font_icon=&#8221;&#xe090;||divi||400&#8243; _builder_version=&#8221;4.24.0&#8243; _module_preset=&#8221;da0ad21d-1077-4a79-b5f3-7bf97d4ec222&#8243; locked=&#8221;off&#8221; global_colors_info=&#8221;{}&#8221;]<\/p>\n<p><strong><\/strong><\/p>\n<p><a href=\"tel:+38220673748\">+ 38220673748<\/a><\/p>\n<p>[\/et_pb_blurb][\/et_pb_column][et_pb_column type=&#8221;1_2&#8243; _builder_version=&#8221;4.24.0&#8243; _module_preset=&#8221;default&#8221; global_colors_info=&#8221;{}&#8221;][et_pb_blurb title=&#8221;\u0160alter u okviru VJ \u201ePoletarac\u201c (ul. Radosava Buri\u0107a, bb, Zabjelo)&#8221; use_icon=&#8221;on&#8221; font_icon=&#8221;&#xe090;||divi||400&#8243; _builder_version=&#8221;4.24.0&#8243; _module_preset=&#8221;da0ad21d-1077-4a79-b5f3-7bf97d4ec222&#8243; locked=&#8221;off&#8221; global_colors_info=&#8221;{}&#8221;]<\/p>\n<p><strong><\/strong><\/p>\n<p><strong>Irena Bo\u017eovi\u0107<br \/><\/strong><a href=\"tel:067347041\">067\/347-041<\/a><br \/>irena.<a href=\"mailto:irena.bozovic@djvrbica.edu.me\">bozovic@djvrbica.edu.me<\/a><\/p>\n<p>[\/et_pb_blurb][et_pb_blurb title=&#8221;\u0160alter u okviru VJ \u201eDragan Radulovi\u0107\u201c (ul. Mirka Banjevi\u0107a, br. 6, Stari aerodrom)&#8221; use_icon=&#8221;on&#8221; font_icon=&#8221;&#xe090;||divi||400&#8243; _builder_version=&#8221;4.24.0&#8243; _module_preset=&#8221;da0ad21d-1077-4a79-b5f3-7bf97d4ec222&#8243; locked=&#8221;off&#8221; global_colors_info=&#8221;{}&#8221;]<\/p>\n<p><strong><\/strong><\/p>\n<p><strong>Dejana \u0110ukanovi\u0107<br \/><\/strong><a href=\"tel:067347041\">067\/133-743<\/a><br \/><a href=\"mailto:dejana.djukanovic@djvrbica.edu.me\">dejana.djukanovic@djvrbica.edu.me<\/a><a href=\"mailto:irena.bozovic@djvrbica.edu.me\"><\/a><\/p>\n<p>[\/et_pb_blurb][et_pb_blurb title=&#8221;\u0160alter u okviru VJ \u201eMali princ\u201c (ul. Velimira Stojanovi\u0107a, bb, Zagori\u010d) &#8221; use_icon=&#8221;on&#8221; font_icon=&#8221;&#xe090;||divi||400&#8243; _builder_version=&#8221;4.24.0&#8243; _module_preset=&#8221;da0ad21d-1077-4a79-b5f3-7bf97d4ec222&#8243; locked=&#8221;off&#8221; global_colors_info=&#8221;{}&#8221;]<\/p>\n<p><strong><\/strong><\/p>\n<p><strong>Jelena \u0160\u0107epanovi\u0107<br \/><\/strong><a href=\"tel:067347041\">067\/148-296<\/a><br \/><a href=\"mailto:dejana.djukanovic@djvrbica.edu.me\">jelena.scepanovic@djvrbica.edu.me<\/a><a href=\"mailto:irena.bozovic@djvrbica.edu.me\"><\/a><\/p>\n<p>[\/et_pb_blurb][\/et_pb_column][\/et_pb_row][et_pb_row _builder_version=&#8221;4.24.3&#8243; _module_preset=&#8221;default&#8221; column_structure=&#8221;1_3,1_3,1_3&#8243;][et_pb_column _builder_version=&#8221;4.24.3&#8243; _module_preset=&#8221;default&#8221; type=&#8221;1_3&#8243;][et_pb_icon _builder_version=&#8221;4.24.3&#8243; _module_preset=&#8221;default&#8221; font_icon=&#8221;&#xe0aa;||divi||400&#8243; hover_enabled=&#8221;0&#8243; sticky_enabled=&#8221;0&#8243; icon_width=&#8221;50px&#8221; icon_color=&#8221;#0C71C3&#8243; url=&#8221;https:\/\/www.facebook.com\/p\/JPU-%C4%90ina-Vrbica-100083010258368\/&#8221;][\/et_pb_icon][\/et_pb_column][et_pb_column _builder_version=&#8221;4.24.3&#8243; _module_preset=&#8221;default&#8221; type=&#8221;1_3&#8243;][et_pb_icon _builder_version=&#8221;4.24.3&#8243; _module_preset=&#8221;default&#8221; font_icon=&#8221;&#xf0e0;||fa||900&#8243; hover_enabled=&#8221;0&#8243; sticky_enabled=&#8221;0&#8243; icon_width=&#8221;50px&#8221; icon_color=&#8221;#E09900&#8243; url=&#8221;mailto:vrtic@djvrbica.edu.me&#8221;][\/et_pb_icon][\/et_pb_column][et_pb_column _builder_version=&#8221;4.24.3&#8243; _module_preset=&#8221;default&#8221; type=&#8221;1_3&#8243;][et_pb_icon _builder_version=&#8221;4.24.3&#8243; _module_preset=&#8221;default&#8221; font_icon=&#8221;&#xe081;||divi||400&#8243; icon_width=&#8221;50px&#8221; hover_enabled=&#8221;0&#8243; sticky_enabled=&#8221;0&#8243; icon_color=&#8221;#E02B20&#8243; url=&#8221;https:\/\/maps.app.goo.gl\/QTWHeDtbqHWL6Exb7&#8243;][\/et_pb_icon][\/et_pb_column][\/et_pb_row][\/et_pb_section][et_pb_section fb_built=&#8221;1&#8243; admin_label=&#8221;Footer&#8221; _builder_version=&#8221;4.24.3&#8243; background_image=&#8221;https:\/\/djinavrbica.me\/wp-content\/uploads\/2024\/03\/jess-watters-483666-unsplash.jpg&#8221; parallax=&#8221;on&#8221; custom_margin=&#8221;|||&#8221; custom_padding=&#8221;|||&#8221; global_colors_info=&#8221;{}&#8221;][et_pb_row column_structure=&#8221;1_4,1_4,1_2&#8243; use_custom_gutter=&#8221;on&#8221; gutter_width=&#8221;2&#8243; make_equal=&#8221;on&#8221; _builder_version=&#8221;4.16&#8243; custom_padding=&#8221;|||&#8221; animation_style=&#8221;fade&#8221; border_radii=&#8221;on|10px|10px|10px|10px&#8221; global_colors_info=&#8221;{}&#8221;][et_pb_column type=&#8221;1_4&#8243; _builder_version=&#8221;4.16&#8243; custom_padding=&#8221;|||&#8221; global_colors_info=&#8221;{}&#8221; custom_padding__hover=&#8221;|||&#8221;][et_pb_number_counter title=&#8221;Vaspitnih jedinica&#8221; number=&#8221;17&#8243; percent_sign=&#8221;off&#8221; _builder_version=&#8221;4.24.0&#8243; title_font=&#8221;Rubik|700||on|||||&#8221; title_text_color=&#8221;#ffffff&#8221; title_font_size=&#8221;14px&#8221; title_letter_spacing=&#8221;5px&#8221; title_line_height=&#8221;1.5em&#8221; number_font=&#8221;Cabin Sketch|500|||||||&#8221; number_text_color=&#8221;#ffffff&#8221; number_font_size=&#8221;46px&#8221; number_line_height=&#8221;100px&#8221; background_color=&#8221;#2b76df&#8221; text_orientation=&#8221;left&#8221; background_layout=&#8221;dark&#8221; custom_padding=&#8221;50px|25px|15px|25px|false|true&#8221; border_radii=&#8221;on|10px|10px|10px|10px&#8221; global_colors_info=&#8221;{}&#8221;][\/et_pb_number_counter][et_pb_number_counter title=&#8221;Djece uzrasta od 1 do 6 godina&#8221; number=&#8221;5779&#8243; percent_sign=&#8221;off&#8221; _builder_version=&#8221;4.24.0&#8243; title_font=&#8221;Rubik|700||on|||||&#8221; title_text_color=&#8221;#ffffff&#8221; title_font_size=&#8221;14px&#8221; title_letter_spacing=&#8221;4px&#8221; title_line_height=&#8221;1.5em&#8221; number_font=&#8221;Cabin Sketch|500|||||||&#8221; number_text_color=&#8221;#ffffff&#8221; number_font_size=&#8221;46px&#8221; number_line_height=&#8221;100px&#8221; background_color=&#8221;#ff9c02&#8243; text_orientation=&#8221;left&#8221; background_layout=&#8221;dark&#8221; custom_margin=&#8221;30px|||&#8221; custom_margin_last_edited=&#8221;off|desktop&#8221; custom_padding=&#8221;50px|25px|15px|25px|false|true&#8221; border_radii=&#8221;on|10px|10px|10px|10px&#8221; global_colors_info=&#8221;{}&#8221;][\/et_pb_number_counter][\/et_pb_column][et_pb_column type=&#8221;1_4&#8243; _builder_version=&#8221;4.16&#8243; custom_padding=&#8221;|||&#8221; global_colors_info=&#8221;{}&#8221; custom_padding__hover=&#8221;|||&#8221;][et_pb_number_counter title=&#8221;Centralnih kuhinja&#8221; number=&#8221;5&#8243; percent_sign=&#8221;off&#8221; _builder_version=&#8221;4.24.0&#8243; title_font=&#8221;Rubik|700||on|||||&#8221; title_text_color=&#8221;#ffffff&#8221; title_font_size=&#8221;14px&#8221; title_letter_spacing=&#8221;5px&#8221; title_line_height=&#8221;1.5em&#8221; number_font=&#8221;Cabin Sketch|500|||||||&#8221; number_text_color=&#8221;#ffffff&#8221; number_font_size=&#8221;46px&#8221; number_line_height=&#8221;100px&#8221; background_color=&#8221;#ff7355&#8243; text_orientation=&#8221;left&#8221; background_layout=&#8221;dark&#8221; custom_padding=&#8221;50px|25px|15px|25px|false|true&#8221; border_radii=&#8221;on|10px|10px|10px|10px&#8221; global_colors_info=&#8221;{}&#8221;][\/et_pb_number_counter][et_pb_number_counter title=&#8221;Godina postojanja&#8221; number=&#8221;17&#8243; percent_sign=&#8221;off&#8221; _builder_version=&#8221;4.24.0&#8243; title_font=&#8221;Rubik|700||on|||||&#8221; title_text_color=&#8221;#ffffff&#8221; title_font_size=&#8221;14px&#8221; title_letter_spacing=&#8221;5px&#8221; title_line_height=&#8221;1.5em&#8221; number_font=&#8221;Cabin Sketch|500|||||||&#8221; number_text_color=&#8221;#ffffff&#8221; number_font_size=&#8221;46px&#8221; number_line_height=&#8221;100px&#8221; background_color=&#8221;#74bc19&#8243; text_orientation=&#8221;left&#8221; background_layout=&#8221;dark&#8221; custom_margin=&#8221;30px|||&#8221; custom_padding=&#8221;50px|25px|15px|25px|false|true&#8221; border_radii=&#8221;on|10px|10px|10px|10px&#8221; global_colors_info=&#8221;{}&#8221;][\/et_pb_number_counter][\/et_pb_column][et_pb_column type=&#8221;1_2&#8243; _builder_version=&#8221;4.16&#8243; custom_padding=&#8221;|||&#8221; global_colors_info=&#8221;{}&#8221; custom_padding__hover=&#8221;|||&#8221;][et_pb_cta title=&#8221;JPU \u0110ina Vrbica&#8221; button_url=&#8221;#top&#8221; _builder_version=&#8221;4.24.3&#8243; header_font=&#8221;Rubik|700|||||||&#8221; header_font_size=&#8221;40px&#8221; header_line_height=&#8221;1.4em&#8221; body_font=&#8221;Rubik||||||||&#8221; body_line_height=&#8221;2em&#8221; background_color=&#8221;#ffffff&#8221; custom_button=&#8221;on&#8221; button_text_size=&#8221;16px&#8221; button_text_color=&#8221;#ffffff&#8221; button_bg_color=&#8221;#7f5aff&#8221; button_border_width=&#8221;10px&#8221; button_border_color=&#8221;rgba(65,65,144,0)&#8221; button_border_radius=&#8221;70px&#8221; button_font=&#8221;Rubik|700|||||||&#8221; button_use_icon=&#8221;off&#8221; text_orientation=&#8221;left&#8221; background_layout=&#8221;light&#8221; max_width_last_edited=&#8221;off|desktop&#8221; module_alignment=&#8221;right&#8221; custom_margin=&#8221;|||&#8221; custom_padding=&#8221;50px|25px|15px|25px|false|true&#8221; custom_padding_tablet=&#8221;50px|25px|15px|25px|false|true&#8221; custom_padding_phone=&#8221;50px|25px|15px|25px|false|true&#8221; custom_padding_last_edited=&#8221;on|phone&#8221; header_font_size_tablet=&#8221;&#8221; header_font_size_phone=&#8221;30px&#8221; header_font_size_last_edited=&#8221;on|phone&#8221; body_line_height_last_edited=&#8221;off|desktop&#8221; border_radii=&#8221;on|10px|10px|10px|10px&#8221; button_text_color_hover=&#8221;#ffffff&#8221; button_border_radius_hover=&#8221;70px&#8221; button_bg_color_hover=&#8221;#9577ff&#8221; global_colors_info=&#8221;{}&#8221; button_text_size__hover_enabled=&#8221;off&#8221; button_one_text_size__hover_enabled=&#8221;off&#8221; button_two_text_size__hover_enabled=&#8221;off&#8221; button_text_color__hover_enabled=&#8221;on&#8221; button_text_color__hover=&#8221;#ffffff&#8221; button_one_text_color__hover_enabled=&#8221;off&#8221; button_two_text_color__hover_enabled=&#8221;off&#8221; button_border_width__hover_enabled=&#8221;off&#8221; button_one_border_width__hover_enabled=&#8221;off&#8221; button_two_border_width__hover_enabled=&#8221;off&#8221; button_border_color__hover_enabled=&#8221;off&#8221; button_one_border_color__hover_enabled=&#8221;off&#8221; button_two_border_color__hover_enabled=&#8221;off&#8221; button_border_radius__hover_enabled=&#8221;on&#8221; button_border_radius__hover=&#8221;70px&#8221; button_one_border_radius__hover_enabled=&#8221;off&#8221; button_two_border_radius__hover_enabled=&#8221;off&#8221; button_letter_spacing__hover_enabled=&#8221;off&#8221; button_one_letter_spacing__hover_enabled=&#8221;off&#8221; button_two_letter_spacing__hover_enabled=&#8221;off&#8221; button_bg_color__hover_enabled=&#8221;on&#8221; button_bg_color__hover=&#8221;#9577ff&#8221; button_one_bg_color__hover_enabled=&#8221;off&#8221; button_two_bg_color__hover_enabled=&#8221;off&#8221;]<\/p>\n<p><strong>Adresa: Ulica Mirka Banjevica br. 6, Stari Aerodrom, Podgorica, Crna Gora<\/strong><\/p>\n<p><strong>Telefon:<\/strong> +38220673748<\/p>\n<p><strong>Email:<\/strong> <a href=\"mailto:vrtic@djvrbica.edu.me\">vrtic@djvrbica.edu.me<\/a><\/p>\n<p>\u00a9 2024 JPU \u201c\u0110ina Vrbica\u201d \u2013 Podgorica.<br \/>Sva prava zadr\u017eana. Kreirao <a href=\"https:\/\/linkedin.com\/in\/senadbulic \">Senad Buli\u0107<\/a><\/p>\n<p>[\/et_pb_cta][\/et_pb_column][\/et_pb_row][\/et_pb_section]<\/p>\n","protected":false},"excerpt":{"rendered":"<p>Kontaktirajte nasJavna pred\u0161kolska ustanova \u201c\u0110ina Vrbica\u201dUl. Mirka Banjevi\u0107a br.681000 Podgorica \/ Crna Goravrtic@djvrbica.edu.mepravnik@djvrbica.edu.meracunovodstvo@djvrbica.edu.me + 38220673748 Irena Bo\u017eovi\u0107067\/347-041irena.bozovic@djvrbica.edu.me Dejana \u0110ukanovi\u0107067\/133-743dejana.djukanovic@djvrbica.edu.me Jelena \u0160\u0107epanovi\u0107067\/148-296jelena.scepanovic@djvrbica.edu.meAdresa: Ulica Mirka Banjevica br. 6, Stari Aerodrom, Podgorica, Crna Gora Telefon: +38220673748 Email: vrtic@djvrbica.edu.me \u00a9 2024 JPU \u201c\u0110ina Vrbica\u201d \u2013 Podgorica.Sva prava zadr\u017eana. Kreirao Senad Buli\u0107<\/p>\n","protected":false},"author":1,"featured_media":0,"parent":0,"menu_order":0,"comment_status":"closed","ping_status":"closed","template":"","meta":{"_acf_changed":false,"_et_pb_use_builder":"on","_et_pb_old_content":"<!-- wp:divi\/placeholder \/-->","_et_gb_content_width":"","footnotes":""},"class_list":["post-183","page","type-page","status-publish","hentry"],"acf":[],"_links":{"self":[{"href":"https:\/\/djinavrbica.me\/index.php?rest_route=\/wp\/v2\/pages\/183","targetHints":{"allow":["GET"]}}],"collection":[{"href":"https:\/\/djinavrbica.me\/index.php?rest_route=\/wp\/v2\/pages"}],"about":[{"href":"https:\/\/djinavrbica.me\/index.php?rest_route=\/wp\/v2\/types\/page"}],"author":[{"embeddable":true,"href":"https:\/\/djinavrbica.me\/index.php?rest_route=\/wp\/v2\/users\/1"}],"replies":[{"embeddable":true,"href":"https:\/\/djinavrbica.me\/index.php?rest_route=%2Fwp%2Fv2%2Fcomments&post=183"}],"version-history":[{"count":18,"href":"https:\/\/djinavrbica.me\/index.php?rest_route=\/wp\/v2\/pages\/183\/revisions"}],"predecessor-version":[{"id":780,"href":"https:\/\/djinavrbica.me\/index.php?rest_route=\/wp\/v2\/pages\/183\/revisions\/780"}],"wp:attachment":[{"href":"https:\/\/djinavrbica.me\/index.php?rest_route=%2Fwp%2Fv2%2Fmedia&parent=183"}],"curies":[{"name":"wp","href":"https:\/\/api.w.org\/{rel}","templated":true}]}}